{"id":986,"date":"2022-06-27T16:39:37","date_gmt":"2022-06-27T14:39:37","guid":{"rendered":"https:\/\/www.ceskaskolaluzern.ch\/?page_id=986"},"modified":"2023-02-13T18:49:05","modified_gmt":"2023-02-13T17:49:05","slug":"tschechische-schulen-in-der-schweiz","status":"publish","type":"page","link":"https:\/\/www.ceskaskolaluzern.ch\/de\/ueber-uns\/tschechische-schulen-in-der-schweiz\/","title":{"rendered":"Tschechische Schulen in der Schweiz"},"content":{"rendered":"","protected":false},"excerpt":{"rendered":"<p>Ein weiteres Angebot an tschechischsprachigen Veranstaltungen f\u00fcr Kinder<\/p>\n","protected":false},"author":2,"featured_media":0,"parent":978,"menu_order":0,"comment_status":"closed","ping_status":"closed","template":"pages\/page-blocks.php","meta":{"footnotes":""},"class_list":["post-986","page","type-page","status-publish","hentry"],"yoast_head":"<!-- This site is optimized with the Yoast SEO plugin v25.6 - https:\/\/yoast.com\/wordpress\/plugins\/seo\/ -->\n<title>Tschechische Schulen in der Schweiz | \u010cesk\u00e1 \u0161kola Luzern<\/title>\n<meta name=\"description\" content=\"Sind Sie auf der Suche nach weiteren Aktivit\u00e4ten f\u00fcr Ihre Kinder in der Schweiz auf Tschechisch? Werfen Sie einen Blick auf unsere Empfehlungen und Sie werden sicher Ihre Wahl finden.\" \/>\n<meta name=\"robots\" content=\"index, follow, max-snippet:-1, max-image-preview:large, max-video-preview:-1\" \/>\n<link rel=\"canonical\" href=\"https:\/\/www.ceskaskolaluzern.ch\/de\/ueber-uns\/tschechische-schulen-in-der-schweiz\/\" \/>\n<meta property=\"og:locale\" content=\"de_DE\" \/>\n<meta property=\"og:type\" content=\"article\" \/>\n<meta property=\"og:title\" content=\"Tschechische Schulen in der Schweiz | \u010cesk\u00e1 \u0161kola Luzern\" \/>\n<meta property=\"og:description\" content=\"Sind Sie auf der Suche nach weiteren Aktivit\u00e4ten f\u00fcr Ihre Kinder in der Schweiz auf Tschechisch? Werfen Sie einen Blick auf unsere Empfehlungen und Sie werden sicher Ihre Wahl finden.\" \/>\n<meta property=\"og:url\" content=\"https:\/\/www.ceskaskolaluzern.ch\/de\/ueber-uns\/tschechische-schulen-in-der-schweiz\/\" \/>\n<meta property=\"og:site_name\" content=\"\u010cesk\u00e1 \u0161kola Luzern\" \/>\n<meta property=\"article:publisher\" content=\"https:\/\/www.facebook.com\/ceskaskola.luzern\/\" \/>\n<meta property=\"article:modified_time\" content=\"2023-02-13T17:49:05+00:00\" \/>\n<meta property=\"og:image\" content=\"https:\/\/www.ceskaskolaluzern.ch\/wp-content\/uploads\/2022\/06\/Luzern-skola_OG.jpg\" \/>\n\t<meta property=\"og:image:width\" content=\"1200\" \/>\n\t<meta property=\"og:image:height\" content=\"630\" \/>\n\t<meta property=\"og:image:type\" content=\"image\/jpeg\" \/>\n<meta name=\"twitter:card\" content=\"summary_large_image\" \/>\n<!-- \/ Yoast SEO plugin. -->","yoast_head_json":{"title":"Tschechische Schulen in der Schweiz | \u010cesk\u00e1 \u0161kola Luzern","description":"Sind Sie auf der Suche nach weiteren Aktivit\u00e4ten f\u00fcr Ihre Kinder in der Schweiz auf Tschechisch? Werfen Sie einen Blick auf unsere Empfehlungen und Sie werden sicher Ihre Wahl finden.","robots":{"index":"index","follow":"follow","max-snippet":"max-snippet:-1","max-image-preview":"max-image-preview:large","max-video-preview":"max-video-preview:-1"},"canonical":"https:\/\/www.ceskaskolaluzern.ch\/de\/ueber-uns\/tschechische-schulen-in-der-schweiz\/","og_locale":"de_DE","og_type":"article","og_title":"Tschechische Schulen in der Schweiz | \u010cesk\u00e1 \u0161kola Luzern","og_description":"Sind Sie auf der Suche nach weiteren Aktivit\u00e4ten f\u00fcr Ihre Kinder in der Schweiz auf Tschechisch? Werfen Sie einen Blick auf unsere Empfehlungen und Sie werden sicher Ihre Wahl finden.","og_url":"https:\/\/www.ceskaskolaluzern.ch\/de\/ueber-uns\/tschechische-schulen-in-der-schweiz\/","og_site_name":"\u010cesk\u00e1 \u0161kola Luzern","article_publisher":"https:\/\/www.facebook.com\/ceskaskola.luzern\/","article_modified_time":"2023-02-13T17:49:05+00:00","og_image":[{"width":1200,"height":630,"url":"https:\/\/www.ceskaskolaluzern.ch\/wp-content\/uploads\/2022\/06\/Luzern-skola_OG.jpg","type":"image\/jpeg"}],"twitter_card":"summary_large_image","schema":{"@context":"https:\/\/schema.org","@graph":[{"@type":"WebPage","@id":"https:\/\/www.ceskaskolaluzern.ch\/de\/ueber-uns\/tschechische-schulen-in-der-schweiz\/","url":"https:\/\/www.ceskaskolaluzern.ch\/de\/ueber-uns\/tschechische-schulen-in-der-schweiz\/","name":"Tschechische Schulen in der Schweiz | \u010cesk\u00e1 \u0161kola Luzern","isPartOf":{"@id":"https:\/\/www.ceskaskolaluzern.ch\/#website"},"datePublished":"2022-06-27T14:39:37+00:00","dateModified":"2023-02-13T17:49:05+00:00","description":"Sind Sie auf der Suche nach weiteren Aktivit\u00e4ten f\u00fcr Ihre Kinder in der Schweiz auf Tschechisch? Werfen Sie einen Blick auf unsere Empfehlungen und Sie werden sicher Ihre Wahl finden.","breadcrumb":{"@id":"https:\/\/www.ceskaskolaluzern.ch\/de\/ueber-uns\/tschechische-schulen-in-der-schweiz\/#breadcrumb"},"inLanguage":"de","potentialAction":[{"@type":"ReadAction","target":["https:\/\/www.ceskaskolaluzern.ch\/de\/ueber-uns\/tschechische-schulen-in-der-schweiz\/"]}]},{"@type":"BreadcrumbList","@id":"https:\/\/www.ceskaskolaluzern.ch\/de\/ueber-uns\/tschechische-schulen-in-der-schweiz\/#breadcrumb","itemListElement":[{"@type":"ListItem","position":1,"name":"\u00davod","item":"https:\/\/www.ceskaskolaluzern.ch\/de\/"},{"@type":"ListItem","position":2,"name":"\u00dcber uns","item":"https:\/\/www.ceskaskolaluzern.ch\/de\/ueber-uns\/"},{"@type":"ListItem","position":3,"name":"Tschechische Schulen in der Schweiz"}]},{"@type":"WebSite","@id":"https:\/\/www.ceskaskolaluzern.ch\/#website","url":"https:\/\/www.ceskaskolaluzern.ch\/","name":"\u010cesk\u00e1 \u0161kola Luzern","description":"","publisher":{"@id":"https:\/\/www.ceskaskolaluzern.ch\/#organization"},"potentialAction":[{"@type":"SearchAction","target":{"@type":"EntryPoint","urlTemplate":"https:\/\/www.ceskaskolaluzern.ch\/?s={search_term_string}"},"query-input":{"@type":"PropertyValueSpecification","valueRequired":true,"valueName":"search_term_string"}}],"inLanguage":"de"},{"@type":"Organization","@id":"https:\/\/www.ceskaskolaluzern.ch\/#organization","name":"\u010cesk\u00e1 \u0161kola Luzern","url":"https:\/\/www.ceskaskolaluzern.ch\/","logo":{"@type":"ImageObject","inLanguage":"de","@id":"https:\/\/www.ceskaskolaluzern.ch\/#\/schema\/logo\/image\/","url":"https:\/\/www.ceskaskolaluzern.ch\/wp-content\/uploads\/2022\/06\/Ceska_skola_Logo_2022_.png","contentUrl":"https:\/\/www.ceskaskolaluzern.ch\/wp-content\/uploads\/2022\/06\/Ceska_skola_Logo_2022_.png","width":2138,"height":808,"caption":"\u010cesk\u00e1 \u0161kola Luzern"},"image":{"@id":"https:\/\/www.ceskaskolaluzern.ch\/#\/schema\/logo\/image\/"},"sameAs":["https:\/\/www.facebook.com\/ceskaskola.luzern\/","https:\/\/www.linkedin.com\/company\/ceska-skola-luzern\/","https:\/\/www.instagram.com\/ceskaskola.luzern\/"]}]}},"_links":{"self":[{"href":"https:\/\/www.ceskaskolaluzern.ch\/de\/wp-json\/wp\/v2\/pages\/986","targetHints":{"allow":["GET"]}}],"collection":[{"href":"https:\/\/www.ceskaskolaluzern.ch\/de\/wp-json\/wp\/v2\/pages"}],"about":[{"href":"https:\/\/www.ceskaskolaluzern.ch\/de\/wp-json\/wp\/v2\/types\/page"}],"author":[{"embeddable":true,"href":"https:\/\/www.ceskaskolaluzern.ch\/de\/wp-json\/wp\/v2\/users\/2"}],"replies":[{"embeddable":true,"href":"https:\/\/www.ceskaskolaluzern.ch\/de\/wp-json\/wp\/v2\/comments?post=986"}],"version-history":[{"count":4,"href":"https:\/\/www.ceskaskolaluzern.ch\/de\/wp-json\/wp\/v2\/pages\/986\/revisions"}],"predecessor-version":[{"id":1606,"href":"https:\/\/www.ceskaskolaluzern.ch\/de\/wp-json\/wp\/v2\/pages\/986\/revisions\/1606"}],"up":[{"embeddable":true,"href":"https:\/\/www.ceskaskolaluzern.ch\/de\/wp-json\/wp\/v2\/pages\/978"}],"wp:attachment":[{"href":"https:\/\/www.ceskaskolaluzern.ch\/de\/wp-json\/wp\/v2\/media?parent=986"}],"curies":[{"name":"wp","href":"https:\/\/api.w.org\/{rel}","templated":true}]}}