{"id":981,"date":"2022-06-27T17:36:24","date_gmt":"2022-06-27T15:36:24","guid":{"rendered":"https:\/\/www.ceskaskolaluzern.ch\/?page_id=981"},"modified":"2025-07-07T23:46:40","modified_gmt":"2025-07-07T21:46:40","slug":"kontakte","status":"publish","type":"page","link":"https:\/\/www.ceskaskolaluzern.ch\/de\/kontakte\/","title":{"rendered":"Kontakte"},"content":{"rendered":"<div class=\"columns-3 row\">\n<div class=\"column\">\n<p><b>Adressse (Unterricht)<\/b><b>:<\/b><\/p>\n<p><strong>\u010cesk\u00e1 \u0161kola Luzern<\/strong><br \/>\n<strong>Schulhaus Krauer<\/strong><br \/>\n<span class=\"JpCtJf\"><span class=\"DkEaL\">Schulhausstrasse 10<br \/>\n<\/span><\/span><span class=\"JpCtJf\"><span class=\"DkEaL\">6020 Emmenbr\u00fccke<\/span><\/span><\/p>\n<\/div><div class=\"column\">\n<p><strong>Adresse (Korrespondenz):<\/strong><\/p>\n<p><strong>\u010cesk\u00e1 \u0161kola Luzern<\/strong><br \/>\n<strong>Silvie Sharma<\/strong><br \/>\nAlte Kantonsstrasse 4<br \/>\n6824 Gelfingen<\/p>\n<p><b>E-mail<\/b><span style=\"font-weight: 400;\">:\u00a0 <a href=\"mailto:info@ceskaskolaluzern.ch\">info@ceskaskolaluzern.ch<\/a><\/span><\/p>\n<\/div><div class=\"column\">\n<p><b>Bankverbindung:<\/b><\/p>\n<p><strong>\u010cesk\u00e1 \u0161kola Luzern<\/strong><br \/>\n<strong>\u00a0&#8211; HSK Tschechisch<\/strong><br \/>\nIBAN: CH10&nbsp;0077&nbsp;8216&nbsp;1139&nbsp;7200&nbsp;1<br \/>\nLuzerner Kantonalbank AG<br \/>\n6210 Sursee<\/p>\n<\/div>\u00a0\u00a0<\/div>\n","protected":false},"excerpt":{"rendered":"<p>Adressse (Unterricht): \u010cesk\u00e1 \u0161kola Luzern Schulhaus Krauer Schulhausstrasse 10&nbsp;6020 Emmenbr\u00fccke Adresse (Korrespondenz): \u010cesk\u00e1 \u0161kola Luzern Silvie Sharma Alte Kantonsstrasse 4&nbsp;6824 Gelfingen E-mail:\u00a0 info@ceskaskolaluzern.ch Bankverbindung: \u010cesk\u00e1 \u0161kola Luzern \u00a0&#8211; HSK Tschechisch IBAN: CH10&nbsp;0077&nbsp;8216&nbsp;1139&nbsp;7200&nbsp;1 Luzerner Kantonalbank AG 6210 Sursee \u00a0\u00a0<\/p>\n","protected":false},"author":2,"featured_media":0,"parent":0,"menu_order":0,"comment_status":"closed","ping_status":"closed","template":"pages\/page-blocks.php","meta":{"footnotes":""},"class_list":["post-981","page","type-page","status-publish","hentry"],"yoast_head":"<!-- This site is optimized with the Yoast SEO plugin v25.6 - https:\/\/yoast.com\/wordpress\/plugins\/seo\/ -->\n<title>Kontakte und Adresse des Unterrichtsortes | \u010cesk\u00e1 \u0161kola Luzern<\/title>\n<meta name=\"description\" content=\"M\u00f6chten Sie uns schreiben oder uns besuchen? Sie finden alle wichtigen Kontakte und Adressen an einem Ort.\" \/>\n<meta name=\"robots\" content=\"index, follow, max-snippet:-1, max-image-preview:large, max-video-preview:-1\" \/>\n<link rel=\"canonical\" href=\"https:\/\/www.ceskaskolaluzern.ch\/de\/kontakte\/\" \/>\n<meta property=\"og:locale\" content=\"de_DE\" \/>\n<meta property=\"og:type\" content=\"article\" \/>\n<meta property=\"og:title\" content=\"Kontakte und Adresse des Unterrichtsortes | \u010cesk\u00e1 \u0161kola Luzern\" \/>\n<meta property=\"og:description\" content=\"M\u00f6chten Sie uns schreiben oder uns besuchen? Sie finden alle wichtigen Kontakte und Adressen an einem Ort.\" \/>\n<meta property=\"og:url\" content=\"https:\/\/www.ceskaskolaluzern.ch\/de\/kontakte\/\" \/>\n<meta property=\"og:site_name\" content=\"\u010cesk\u00e1 \u0161kola Luzern\" \/>\n<meta property=\"article:publisher\" content=\"https:\/\/www.facebook.com\/ceskaskola.luzern\/\" \/>\n<meta property=\"article:modified_time\" content=\"2025-07-07T21:46:40+00:00\" \/>\n<meta property=\"og:image\" content=\"https:\/\/www.ceskaskolaluzern.ch\/wp-content\/uploads\/2022\/06\/Luzern-skola_OG.jpg\" \/>\n\t<meta property=\"og:image:width\" content=\"1200\" \/>\n\t<meta property=\"og:image:height\" content=\"630\" \/>\n\t<meta property=\"og:image:type\" content=\"image\/jpeg\" \/>\n<meta name=\"twitter:card\" content=\"summary_large_image\" \/>\n<meta name=\"twitter:label1\" content=\"Gesch\u00e4tzte Lesezeit\" \/>\n\t<meta name=\"twitter:data1\" content=\"1\u00a0Minute\" \/>\n<!-- \/ Yoast SEO plugin. -->","yoast_head_json":{"title":"Kontakte und Adresse des Unterrichtsortes | \u010cesk\u00e1 \u0161kola Luzern","description":"M\u00f6chten Sie uns schreiben oder uns besuchen? Sie finden alle wichtigen Kontakte und Adressen an einem Ort.","robots":{"index":"index","follow":"follow","max-snippet":"max-snippet:-1","max-image-preview":"max-image-preview:large","max-video-preview":"max-video-preview:-1"},"canonical":"https:\/\/www.ceskaskolaluzern.ch\/de\/kontakte\/","og_locale":"de_DE","og_type":"article","og_title":"Kontakte und Adresse des Unterrichtsortes | \u010cesk\u00e1 \u0161kola Luzern","og_description":"M\u00f6chten Sie uns schreiben oder uns besuchen? Sie finden alle wichtigen Kontakte und Adressen an einem Ort.","og_url":"https:\/\/www.ceskaskolaluzern.ch\/de\/kontakte\/","og_site_name":"\u010cesk\u00e1 \u0161kola Luzern","article_publisher":"https:\/\/www.facebook.com\/ceskaskola.luzern\/","article_modified_time":"2025-07-07T21:46:40+00:00","og_image":[{"width":1200,"height":630,"url":"https:\/\/www.ceskaskolaluzern.ch\/wp-content\/uploads\/2022\/06\/Luzern-skola_OG.jpg","type":"image\/jpeg"}],"twitter_card":"summary_large_image","twitter_misc":{"Gesch\u00e4tzte Lesezeit":"1\u00a0Minute"},"schema":{"@context":"https:\/\/schema.org","@graph":[{"@type":"WebPage","@id":"https:\/\/www.ceskaskolaluzern.ch\/de\/kontakte\/","url":"https:\/\/www.ceskaskolaluzern.ch\/de\/kontakte\/","name":"Kontakte und Adresse des Unterrichtsortes | \u010cesk\u00e1 \u0161kola Luzern","isPartOf":{"@id":"https:\/\/www.ceskaskolaluzern.ch\/#website"},"datePublished":"2022-06-27T15:36:24+00:00","dateModified":"2025-07-07T21:46:40+00:00","description":"M\u00f6chten Sie uns schreiben oder uns besuchen? Sie finden alle wichtigen Kontakte und Adressen an einem Ort.","breadcrumb":{"@id":"https:\/\/www.ceskaskolaluzern.ch\/de\/kontakte\/#breadcrumb"},"inLanguage":"de","potentialAction":[{"@type":"ReadAction","target":["https:\/\/www.ceskaskolaluzern.ch\/de\/kontakte\/"]}]},{"@type":"BreadcrumbList","@id":"https:\/\/www.ceskaskolaluzern.ch\/de\/kontakte\/#breadcrumb","itemListElement":[{"@type":"ListItem","position":1,"name":"\u00davod","item":"https:\/\/www.ceskaskolaluzern.ch\/de\/"},{"@type":"ListItem","position":2,"name":"Kontakte"}]},{"@type":"WebSite","@id":"https:\/\/www.ceskaskolaluzern.ch\/#website","url":"https:\/\/www.ceskaskolaluzern.ch\/","name":"\u010cesk\u00e1 \u0161kola Luzern","description":"","publisher":{"@id":"https:\/\/www.ceskaskolaluzern.ch\/#organization"},"potentialAction":[{"@type":"SearchAction","target":{"@type":"EntryPoint","urlTemplate":"https:\/\/www.ceskaskolaluzern.ch\/?s={search_term_string}"},"query-input":{"@type":"PropertyValueSpecification","valueRequired":true,"valueName":"search_term_string"}}],"inLanguage":"de"},{"@type":"Organization","@id":"https:\/\/www.ceskaskolaluzern.ch\/#organization","name":"\u010cesk\u00e1 \u0161kola Luzern","url":"https:\/\/www.ceskaskolaluzern.ch\/","logo":{"@type":"ImageObject","inLanguage":"de","@id":"https:\/\/www.ceskaskolaluzern.ch\/#\/schema\/logo\/image\/","url":"https:\/\/www.ceskaskolaluzern.ch\/wp-content\/uploads\/2022\/06\/Ceska_skola_Logo_2022_.png","contentUrl":"https:\/\/www.ceskaskolaluzern.ch\/wp-content\/uploads\/2022\/06\/Ceska_skola_Logo_2022_.png","width":2138,"height":808,"caption":"\u010cesk\u00e1 \u0161kola Luzern"},"image":{"@id":"https:\/\/www.ceskaskolaluzern.ch\/#\/schema\/logo\/image\/"},"sameAs":["https:\/\/www.facebook.com\/ceskaskola.luzern\/","https:\/\/www.linkedin.com\/company\/ceska-skola-luzern\/","https:\/\/www.instagram.com\/ceskaskola.luzern\/"]}]}},"_links":{"self":[{"href":"https:\/\/www.ceskaskolaluzern.ch\/de\/wp-json\/wp\/v2\/pages\/981","targetHints":{"allow":["GET"]}}],"collection":[{"href":"https:\/\/www.ceskaskolaluzern.ch\/de\/wp-json\/wp\/v2\/pages"}],"about":[{"href":"https:\/\/www.ceskaskolaluzern.ch\/de\/wp-json\/wp\/v2\/types\/page"}],"author":[{"embeddable":true,"href":"https:\/\/www.ceskaskolaluzern.ch\/de\/wp-json\/wp\/v2\/users\/2"}],"replies":[{"embeddable":true,"href":"https:\/\/www.ceskaskolaluzern.ch\/de\/wp-json\/wp\/v2\/comments?post=981"}],"version-history":[{"count":5,"href":"https:\/\/www.ceskaskolaluzern.ch\/de\/wp-json\/wp\/v2\/pages\/981\/revisions"}],"predecessor-version":[{"id":3811,"href":"https:\/\/www.ceskaskolaluzern.ch\/de\/wp-json\/wp\/v2\/pages\/981\/revisions\/3811"}],"wp:attachment":[{"href":"https:\/\/www.ceskaskolaluzern.ch\/de\/wp-json\/wp\/v2\/media?parent=981"}],"curies":[{"name":"wp","href":"https:\/\/api.w.org\/{rel}","templated":true}]}}