{"id":3801,"date":"2025-07-07T22:08:57","date_gmt":"2025-07-07T20:08:57","guid":{"rendered":"https:\/\/www.ceskaskolaluzern.ch\/unterricht\/dokumenty-ke-stazeni\/"},"modified":"2026-01-07T17:44:36","modified_gmt":"2026-01-07T16:44:36","slug":"dokumente-zum-herunterladen","status":"publish","type":"page","link":"https:\/\/www.ceskaskolaluzern.ch\/de\/unterricht\/dokumente-zum-herunterladen\/","title":{"rendered":"Dokumente zum Herunterladen"},"content":{"rendered":"<p data-start=\"432\" data-end=\"660\">Na t\u00e9to str\u00e1nce najdete v\u0161echny d\u016fle\u017eit\u00e9 dokumenty t\u00fdkaj\u00edc\u00ed se&nbsp;v\u00fduky, organizace a&nbsp;pravidel \u010cesk\u00e9 \u0161koly Luzern. V\u0161echny dokumenty jsou <strong data-start=\"567\" data-end=\"600\">dvojjazy\u010dn\u00e9 (\u010desky a&nbsp;n\u011bmecky)<\/strong>, abyste m\u011bli v\u0161echny informace p\u0159ehledn\u011b na&nbsp;jednom m\u00edst\u011b.<\/p>\n<p data-start=\"662\" data-end=\"826\">Pokud byste pot\u0159ebovali dal\u0161\u00ed vysv\u011btlen\u00ed nebo pomoc s&nbsp;vypln\u011bn\u00edm dokument\u016f, nev\u00e1hejte n\u00e1s kontaktovat na&nbsp;<a class=\"cursor-pointer\" rel=\"noopener\" data-start=\"766\" data-end=\"825\">info@ceskaskolaluzern.ch<\/a>.<\/p>\n<h3 data-start=\"635\" data-end=\"665\">\ud83d\udcc4 <strong data-start=\"642\" data-end=\"665\">Dostupn\u00e9 dokumenty:<\/strong><\/h3>\n<ul>\n<li data-start=\"667\" data-end=\"713\">\n<p data-start=\"669\" data-end=\"713\"><strong><a class=\"\" href=\"https:\/\/www.ceskaskolaluzern.ch\/wp-content\/uploads\/2025\/07\/01_CSLU_Anmeldung_Prihlaska_2025-2026.pdf\" rel=\"noopener\" data-start=\"669\" data-end=\"713\">P\u0159ihl\u00e1\u0161ka na&nbsp;\u0161koln\u00ed rok 2025\/26 (CS-DE)<\/a><\/strong><\/p>\n<\/li>\n<\/ul>\n<p data-start=\"885\" data-end=\"1229\">Dokument slou\u017e\u00ed k&nbsp;ofici\u00e1ln\u00edmu p\u0159ihl\u00e1\u0161en\u00ed d\u00edt\u011bte na&nbsp;v\u00fduku \u010de\u0161tiny na&nbsp;\u0161koln\u00ed rok 2025\/26. Obsahuje z\u00e1kladn\u00ed \u00fadaje o&nbsp;d\u00edt\u011bti a&nbsp;rodi\u010d\u00edch, informace o&nbsp;zdravotn\u00edm stavu d\u00edt\u011bte (pokud je nutn\u00e9 uv\u00e9st) a&nbsp;tak\u00e9 souhlas s&nbsp;pravidly \u0161koly a&nbsp;povinnost\u00ed platby \u0161koln\u00e9ho. Najdete zde i&nbsp;mo\u017enosti, jak se&nbsp;rodi\u010de mohou zapojit do&nbsp;chodu \u0161koly. P\u0159ihl\u00e1\u0161en\u00ed je z\u00e1vazn\u00e9.<\/p>\n<ul>\n<li data-start=\"714\" data-end=\"782\">\n<p data-start=\"716\" data-end=\"782\"><strong><a class=\"\" href=\"https:\/\/www.ceskaskolaluzern.ch\/wp-content\/uploads\/2025\/07\/02_CSLU_Einverstaendniserklaerung_Bildmaterial_Prohlaseni_fotodokumentace_CS-DE.pdf\" rel=\"noopener\" data-start=\"716\" data-end=\"782\">Prohl\u00e1\u0161en\u00ed o&nbsp;souhlasu s&nbsp;pou\u017eit\u00edm obrazov\u00e9ho materi\u00e1lu (CS-DE)<\/a><\/strong><\/p>\n<\/li>\n<\/ul>\n<p>Tento dokument vysv\u011btluje, \u017ee b\u011bhem v\u00fduky a&nbsp;\u0161koln\u00edch akc\u00ed mohou b\u00fdt po\u0159izov\u00e1ny fotografie a&nbsp;videa d\u011bt\u00ed i&nbsp;rodi\u010d\u016f. Ur\u010duje, zda souhlas\u00edte, aby tyto materi\u00e1ly byly pou\u017eity pro&nbsp;propaga\u010dn\u00ed \u00fa\u010dely \u0161koly (nap\u0159\u00edklad na&nbsp;webu, soci\u00e1ln\u00edch s\u00edt\u00edch, v&nbsp;tiskovin\u00e1ch) nebo pouze pro&nbsp;intern\u00ed komunikaci mezi \u0161kolou a&nbsp;rodi\u010di. Souhlas m\u016f\u017eete kdykoli odvolat.<\/p>\n<ul>\n<li data-start=\"783\" data-end=\"835\">\n<p data-start=\"785\" data-end=\"835\"><strong><a class=\"\" href=\"https:\/\/www.ceskaskolaluzern.ch\/wp-content\/uploads\/2025\/07\/03_CSLU_Schulreglement_Skolni_rad_2025-26.pdf\" rel=\"noopener\" data-start=\"785\" data-end=\"835\">\u0160koln\u00ed \u0159\u00e1d \u010cesk\u00e9 \u0161koly Luzern 2025\/26 (CS-DE)<\/a><\/strong><\/p>\n<\/li>\n<\/ul>\n<p>\u0160koln\u00ed \u0159\u00e1d popisuje, jak \u0161kola funguje, jak\u00e1 jsou pravidla doch\u00e1zky, organizace v\u00fduky, plateb \u0161koln\u00e9ho, omlouv\u00e1n\u00ed absence nebo p\u0159\u00edpadn\u00e9ho vylou\u010den\u00ed z&nbsp;v\u00fduky. Obsahuje tak\u00e9 informace o&nbsp;poji\u0161t\u011bn\u00ed, pravidlech komunikace a&nbsp;organizaci \u0161koln\u00edho roku. Je d\u016fle\u017eit\u00e9, aby se&nbsp;s&nbsp;n\u00edm rodi\u010de sezn\u00e1mili.<\/p>\n<ul>\n<li data-start=\"836\" data-end=\"888\">\n<p data-start=\"838\" data-end=\"888\"><strong><a class=\"\" href=\"https:\/\/www.ceskaskolaluzern.ch\/wp-content\/uploads\/2025\/07\/04_CSLU_Unterrichtstermine_Ort_Data_a-misto_vyuky_2025-26.pdf\" rel=\"noopener\" data-start=\"838\" data-end=\"888\">P\u0159ehled term\u00edn\u016f a&nbsp;m\u00edsta v\u00fduky 2025\/26 (CS-DE)<\/a><\/strong><\/p>\n<\/li>\n<\/ul>\n<p>\u0160koln\u00ed \u0159\u00e1d popisuje, jak \u0161kola funguje, jak\u00e1 jsou pravidla doch\u00e1zky, organizace v\u00fduky, plateb \u0161koln\u00e9ho, omlouv\u00e1n\u00ed absence nebo p\u0159\u00edpadn\u00e9ho vylou\u010den\u00ed z&nbsp;v\u00fduky. Obsahuje tak\u00e9 informace o&nbsp;poji\u0161t\u011bn\u00ed, pravidlech komunikace a&nbsp;organizaci \u0161koln\u00edho roku. Je d\u016fle\u017eit\u00e9, aby se&nbsp;s&nbsp;n\u00edm rodi\u010de sezn\u00e1mili.<\/p>\n<ul>\n<li data-start=\"889\" data-end=\"924\">\n<p data-start=\"891\" data-end=\"924\"><strong><a class=\"\" href=\"https:\/\/www.ceskaskolaluzern.ch\/wp-content\/uploads\/2025\/07\/05_CSLU_Stundenplan_Rozvrh_2025-26.pdf\" rel=\"noopener\" data-start=\"891\" data-end=\"924\">Rozvrh hodin 2025\/26 (CS-DE)<\/a><\/strong><\/p>\n<\/li>\n<\/ul>\n<p>Rozvrh p\u0159ehledn\u011b ukazuje \u010dasy v\u00fduky jednotliv\u00fdch skupin, v\u011bkov\u00e9 rozd\u011blen\u00ed a&nbsp;orienta\u010dn\u00ed za\u0159azen\u00ed d\u011bt\u00ed do&nbsp;skupin. Je v&nbsp;n\u011bm uvedeno, jak dlouho trv\u00e1 v\u00fduka v&nbsp;jednotliv\u00fdch skupin\u00e1ch.<\/p>\n<ul>\n<li data-start=\"925\" data-end=\"982\">\n<p data-start=\"927\" data-end=\"982\"><strong><a class=\"\" href=\"https:\/\/www.ceskaskolaluzern.ch\/wp-content\/uploads\/2025\/07\/06_CSLU_Prohlaseni_GDPR_Datenschutz_Eltern_Kinder_2025.pdf\" rel=\"noopener\" data-start=\"927\" data-end=\"982\">Prohl\u00e1\u0161en\u00ed o&nbsp;ochran\u011b osobn\u00edch \u00fadaj\u016f (GDPR) (CS-DE)<\/a><\/strong><\/p>\n<\/li>\n<\/ul>\n<p>Tento dokument vysv\u011btluje, jak \u0161kola zpracov\u00e1v\u00e1 osobn\u00ed \u00fadaje d\u011bt\u00ed a&nbsp;rodi\u010d\u016f \u2013 jak\u00e9 \u00fadaje shroma\u017e\u010fuje, k&nbsp;\u010demu je pou\u017e\u00edv\u00e1, kdo k&nbsp;nim m\u00e1 p\u0159\u00edstup a&nbsp;jak jsou chr\u00e1n\u011bny. Obsahuje i&nbsp;informace o&nbsp;va\u0161ich pr\u00e1vech (nap\u0159\u00edklad pr\u00e1vo na&nbsp;p\u0159\u00edstup, opravu nebo v\u00fdmaz \u00fadaj\u016f). Je seps\u00e1n podle \u0161v\u00fdcarsk\u00e9ho z\u00e1kona o&nbsp;ochran\u011b osobn\u00edch \u00fadaj\u016f. Doporu\u010dujeme se&nbsp;s&nbsp;t\u00edmto dokumentem sezn\u00e1mit.<\/p>\n","protected":false},"excerpt":{"rendered":"<p>Na t\u00e9to str\u00e1nce najdete v\u0161echny d\u016fle\u017eit\u00e9 dokumenty t\u00fdkaj\u00edc\u00ed se&nbsp;v\u00fduky, organizace a&nbsp;pravidel \u010cesk\u00e9 \u0161koly Luzern. V\u0161echny dokumenty jsou dvojjazy\u010dn\u00e9 (\u010desky a&nbsp;n\u011bmecky), abyste m\u011bli v\u0161echny informace p\u0159ehledn\u011b na&nbsp;jednom m\u00edst\u011b. Pokud byste pot\u0159ebovali dal\u0161\u00ed vysv\u011btlen\u00ed nebo pomoc s&nbsp;vypln\u011bn\u00edm dokument\u016f, nev\u00e1hejte n\u00e1s kontaktovat na&nbsp;info@ceskaskolaluzern.ch. \ud83d\udcc4 Dostupn\u00e9 dokumenty: P\u0159ihl\u00e1\u0161ka na&nbsp;\u0161koln\u00ed rok 2025\/26 (CS-DE) Dokument slou\u017e\u00ed k&nbsp;ofici\u00e1ln\u00edmu p\u0159ihl\u00e1\u0161en\u00ed d\u00edt\u011bte na&nbsp;v\u00fduku \u010de\u0161tiny&#8230;<\/p>\n","protected":false},"author":2,"featured_media":0,"parent":1353,"menu_order":0,"comment_status":"closed","ping_status":"closed","template":"pages\/page-blocks.php","meta":{"footnotes":""},"class_list":["post-3801","page","type-page","status-publish","hentry"],"yoast_head":"<!-- This site is optimized with the Yoast SEO plugin v25.6 - https:\/\/yoast.com\/wordpress\/plugins\/seo\/ -->\n<title>Dokumente zum Herunterladen | \u010cesk\u00e1 \u0161kola Luzern<\/title>\n<meta name=\"description\" content=\"Alle wichtigen Dokumente der Tschechischen Schule Luzern f\u00fcr das Schuljahr 2025\/26 \u2013 Anmeldung, Schulreglement, GDPR, Stundenplan und Unterrichtstermine zum Download (deutsch und tschechisch).\" \/>\n<meta name=\"robots\" content=\"index, follow, max-snippet:-1, max-image-preview:large, max-video-preview:-1\" \/>\n<link rel=\"canonical\" href=\"https:\/\/www.ceskaskolaluzern.ch\/de\/unterricht\/dokumente-zum-herunterladen\/\" \/>\n<meta property=\"og:locale\" content=\"de_DE\" \/>\n<meta property=\"og:type\" content=\"article\" \/>\n<meta property=\"og:title\" content=\"Dokumente zum Herunterladen | \u010cesk\u00e1 \u0161kola Luzern\" \/>\n<meta property=\"og:description\" content=\"Alle wichtigen Dokumente der Tschechischen Schule Luzern f\u00fcr das Schuljahr 2025\/26 \u2013 Anmeldung, Schulreglement, GDPR, Stundenplan und Unterrichtstermine zum Download (deutsch und tschechisch).\" \/>\n<meta property=\"og:url\" content=\"https:\/\/www.ceskaskolaluzern.ch\/de\/unterricht\/dokumente-zum-herunterladen\/\" \/>\n<meta property=\"og:site_name\" content=\"\u010cesk\u00e1 \u0161kola Luzern\" \/>\n<meta property=\"article:publisher\" content=\"https:\/\/www.facebook.com\/ceskaskola.luzern\/\" \/>\n<meta property=\"article:modified_time\" content=\"2026-01-07T16:44:36+00:00\" \/>\n<meta property=\"og:image\" content=\"https:\/\/www.ceskaskolaluzern.ch\/wp-content\/uploads\/2022\/06\/Luzern-skola_OG.jpg\" \/>\n\t<meta property=\"og:image:width\" content=\"1200\" \/>\n\t<meta property=\"og:image:height\" content=\"630\" \/>\n\t<meta property=\"og:image:type\" content=\"image\/jpeg\" \/>\n<meta name=\"twitter:card\" content=\"summary_large_image\" \/>\n<meta name=\"twitter:label1\" content=\"Gesch\u00e4tzte Lesezeit\" \/>\n\t<meta name=\"twitter:data1\" content=\"2\u00a0Minuten\" \/>\n<!-- \/ Yoast SEO plugin. -->","yoast_head_json":{"title":"Dokumente zum Herunterladen | \u010cesk\u00e1 \u0161kola Luzern","description":"Alle wichtigen Dokumente der Tschechischen Schule Luzern f\u00fcr das Schuljahr 2025\/26 \u2013 Anmeldung, Schulreglement, GDPR, Stundenplan und Unterrichtstermine zum Download (deutsch und tschechisch).","robots":{"index":"index","follow":"follow","max-snippet":"max-snippet:-1","max-image-preview":"max-image-preview:large","max-video-preview":"max-video-preview:-1"},"canonical":"https:\/\/www.ceskaskolaluzern.ch\/de\/unterricht\/dokumente-zum-herunterladen\/","og_locale":"de_DE","og_type":"article","og_title":"Dokumente zum Herunterladen | \u010cesk\u00e1 \u0161kola Luzern","og_description":"Alle wichtigen Dokumente der Tschechischen Schule Luzern f\u00fcr das Schuljahr 2025\/26 \u2013 Anmeldung, Schulreglement, GDPR, Stundenplan und Unterrichtstermine zum Download (deutsch und tschechisch).","og_url":"https:\/\/www.ceskaskolaluzern.ch\/de\/unterricht\/dokumente-zum-herunterladen\/","og_site_name":"\u010cesk\u00e1 \u0161kola Luzern","article_publisher":"https:\/\/www.facebook.com\/ceskaskola.luzern\/","article_modified_time":"2026-01-07T16:44:36+00:00","og_image":[{"width":1200,"height":630,"url":"https:\/\/www.ceskaskolaluzern.ch\/wp-content\/uploads\/2022\/06\/Luzern-skola_OG.jpg","type":"image\/jpeg"}],"twitter_card":"summary_large_image","twitter_misc":{"Gesch\u00e4tzte Lesezeit":"2\u00a0Minuten"},"schema":{"@context":"https:\/\/schema.org","@graph":[{"@type":"WebPage","@id":"https:\/\/www.ceskaskolaluzern.ch\/de\/unterricht\/dokumente-zum-herunterladen\/","url":"https:\/\/www.ceskaskolaluzern.ch\/de\/unterricht\/dokumente-zum-herunterladen\/","name":"Dokumente zum Herunterladen | \u010cesk\u00e1 \u0161kola Luzern","isPartOf":{"@id":"https:\/\/www.ceskaskolaluzern.ch\/#website"},"datePublished":"2025-07-07T20:08:57+00:00","dateModified":"2026-01-07T16:44:36+00:00","description":"Alle wichtigen Dokumente der Tschechischen Schule Luzern f\u00fcr das Schuljahr 2025\/26 \u2013 Anmeldung, Schulreglement, GDPR, Stundenplan und Unterrichtstermine zum Download (deutsch und tschechisch).","breadcrumb":{"@id":"https:\/\/www.ceskaskolaluzern.ch\/de\/unterricht\/dokumente-zum-herunterladen\/#breadcrumb"},"inLanguage":"de","potentialAction":[{"@type":"ReadAction","target":["https:\/\/www.ceskaskolaluzern.ch\/de\/unterricht\/dokumente-zum-herunterladen\/"]}]},{"@type":"BreadcrumbList","@id":"https:\/\/www.ceskaskolaluzern.ch\/de\/unterricht\/dokumente-zum-herunterladen\/#breadcrumb","itemListElement":[{"@type":"ListItem","position":1,"name":"\u00davod","item":"https:\/\/www.ceskaskolaluzern.ch\/de\/"},{"@type":"ListItem","position":2,"name":"Unterricht","item":"https:\/\/www.ceskaskolaluzern.ch\/de\/unterricht\/"},{"@type":"ListItem","position":3,"name":"Dokumente zum Herunterladen"}]},{"@type":"WebSite","@id":"https:\/\/www.ceskaskolaluzern.ch\/#website","url":"https:\/\/www.ceskaskolaluzern.ch\/","name":"\u010cesk\u00e1 \u0161kola Luzern","description":"","publisher":{"@id":"https:\/\/www.ceskaskolaluzern.ch\/#organization"},"potentialAction":[{"@type":"SearchAction","target":{"@type":"EntryPoint","urlTemplate":"https:\/\/www.ceskaskolaluzern.ch\/?s={search_term_string}"},"query-input":{"@type":"PropertyValueSpecification","valueRequired":true,"valueName":"search_term_string"}}],"inLanguage":"de"},{"@type":"Organization","@id":"https:\/\/www.ceskaskolaluzern.ch\/#organization","name":"\u010cesk\u00e1 \u0161kola Luzern","url":"https:\/\/www.ceskaskolaluzern.ch\/","logo":{"@type":"ImageObject","inLanguage":"de","@id":"https:\/\/www.ceskaskolaluzern.ch\/#\/schema\/logo\/image\/","url":"https:\/\/www.ceskaskolaluzern.ch\/wp-content\/uploads\/2022\/06\/Ceska_skola_Logo_2022_.png","contentUrl":"https:\/\/www.ceskaskolaluzern.ch\/wp-content\/uploads\/2022\/06\/Ceska_skola_Logo_2022_.png","width":2138,"height":808,"caption":"\u010cesk\u00e1 \u0161kola Luzern"},"image":{"@id":"https:\/\/www.ceskaskolaluzern.ch\/#\/schema\/logo\/image\/"},"sameAs":["https:\/\/www.facebook.com\/ceskaskola.luzern\/","https:\/\/www.linkedin.com\/company\/ceska-skola-luzern\/","https:\/\/www.instagram.com\/ceskaskola.luzern\/"]}]}},"_links":{"self":[{"href":"https:\/\/www.ceskaskolaluzern.ch\/de\/wp-json\/wp\/v2\/pages\/3801","targetHints":{"allow":["GET"]}}],"collection":[{"href":"https:\/\/www.ceskaskolaluzern.ch\/de\/wp-json\/wp\/v2\/pages"}],"about":[{"href":"https:\/\/www.ceskaskolaluzern.ch\/de\/wp-json\/wp\/v2\/types\/page"}],"author":[{"embeddable":true,"href":"https:\/\/www.ceskaskolaluzern.ch\/de\/wp-json\/wp\/v2\/users\/2"}],"replies":[{"embeddable":true,"href":"https:\/\/www.ceskaskolaluzern.ch\/de\/wp-json\/wp\/v2\/comments?post=3801"}],"version-history":[{"count":2,"href":"https:\/\/www.ceskaskolaluzern.ch\/de\/wp-json\/wp\/v2\/pages\/3801\/revisions"}],"predecessor-version":[{"id":3804,"href":"https:\/\/www.ceskaskolaluzern.ch\/de\/wp-json\/wp\/v2\/pages\/3801\/revisions\/3804"}],"up":[{"embeddable":true,"href":"https:\/\/www.ceskaskolaluzern.ch\/de\/wp-json\/wp\/v2\/pages\/1353"}],"wp:attachment":[{"href":"https:\/\/www.ceskaskolaluzern.ch\/de\/wp-json\/wp\/v2\/media?parent=3801"}],"curies":[{"name":"wp","href":"https:\/\/api.w.org\/{rel}","templated":true}]}}