{"id":3624,"date":"2024-01-04T21:58:13","date_gmt":"2024-01-04T20:58:13","guid":{"rendered":"https:\/\/www.ceskaskolaluzern.ch\/merch-ceske-skoly-luzern\/"},"modified":"2025-01-19T11:10:40","modified_gmt":"2025-01-19T10:10:40","slug":"schul-merch","status":"publish","type":"page","link":"https:\/\/www.ceskaskolaluzern.ch\/de\/schul-merch\/","title":{"rendered":"Schulkollektion"},"content":{"rendered":"","protected":false},"excerpt":{"rendered":"<p>Stylische T-Shirts, sportliche Hoodies und Schulrucks\u00e4cke mit dem Logo der \u010cesk\u00e1 \u0161kola Luzern! Unterst\u00fctzt unsere Schule im echten Teamgeist.<\/p>\n","protected":false},"author":2,"featured_media":2472,"parent":0,"menu_order":0,"comment_status":"closed","ping_status":"closed","template":"pages\/page-blocks.php","meta":{"footnotes":""},"class_list":["post-3624","page","type-page","status-publish","has-post-thumbnail","hentry"],"yoast_head":"<!-- This site is optimized with the Yoast SEO plugin v25.6 - https:\/\/yoast.com\/wordpress\/plugins\/seo\/ -->\n<title>Schulkollektion | \u010cesk\u00e1 \u0161kola Luzern<\/title>\n<meta name=\"description\" content=\"Entdeckt Ihr die Teamkollektion der \u010cesk\u00e1 \u0161kola Luzern! Stylische T-Shirts, Hoodies und Rucks\u00e4cke f\u00fcr alle \u2013 zeigt Euren Teamgeist!\" \/>\n<meta name=\"robots\" content=\"index, follow, max-snippet:-1, max-image-preview:large, max-video-preview:-1\" \/>\n<link rel=\"canonical\" href=\"https:\/\/www.ceskaskolaluzern.ch\/de\/schul-merch\/\" \/>\n<meta property=\"og:locale\" content=\"de_DE\" \/>\n<meta property=\"og:type\" content=\"article\" \/>\n<meta property=\"og:title\" content=\"Schulkollektion | \u010cesk\u00e1 \u0161kola Luzern\" \/>\n<meta property=\"og:description\" content=\"Entdeckt Ihr die Teamkollektion der \u010cesk\u00e1 \u0161kola Luzern! Stylische T-Shirts, Hoodies und Rucks\u00e4cke f\u00fcr alle \u2013 zeigt Euren Teamgeist!\" \/>\n<meta property=\"og:url\" content=\"https:\/\/www.ceskaskolaluzern.ch\/de\/schul-merch\/\" \/>\n<meta property=\"og:site_name\" content=\"\u010cesk\u00e1 \u0161kola Luzern\" \/>\n<meta property=\"article:publisher\" content=\"https:\/\/www.facebook.com\/ceskaskola.luzern\/\" \/>\n<meta property=\"article:modified_time\" content=\"2025-01-19T10:10:40+00:00\" \/>\n<meta property=\"og:image\" content=\"https:\/\/www.ceskaskolaluzern.ch\/wp-content\/uploads\/2024\/01\/Merch_WEB_800x600.png\" \/>\n\t<meta property=\"og:image:width\" content=\"800\" \/>\n\t<meta property=\"og:image:height\" content=\"600\" \/>\n\t<meta property=\"og:image:type\" content=\"image\/png\" \/>\n<meta name=\"twitter:card\" content=\"summary_large_image\" \/>\n<meta name=\"twitter:label1\" content=\"Gesch\u00e4tzte Lesezeit\" \/>\n\t<meta name=\"twitter:data1\" content=\"1\u00a0Minute\" \/>\n<!-- \/ Yoast SEO plugin. -->","yoast_head_json":{"title":"Schulkollektion | \u010cesk\u00e1 \u0161kola Luzern","description":"Entdeckt Ihr die Teamkollektion der \u010cesk\u00e1 \u0161kola Luzern! Stylische T-Shirts, Hoodies und Rucks\u00e4cke f\u00fcr alle \u2013 zeigt Euren Teamgeist!","robots":{"index":"index","follow":"follow","max-snippet":"max-snippet:-1","max-image-preview":"max-image-preview:large","max-video-preview":"max-video-preview:-1"},"canonical":"https:\/\/www.ceskaskolaluzern.ch\/de\/schul-merch\/","og_locale":"de_DE","og_type":"article","og_title":"Schulkollektion | \u010cesk\u00e1 \u0161kola Luzern","og_description":"Entdeckt Ihr die Teamkollektion der \u010cesk\u00e1 \u0161kola Luzern! Stylische T-Shirts, Hoodies und Rucks\u00e4cke f\u00fcr alle \u2013 zeigt Euren Teamgeist!","og_url":"https:\/\/www.ceskaskolaluzern.ch\/de\/schul-merch\/","og_site_name":"\u010cesk\u00e1 \u0161kola Luzern","article_publisher":"https:\/\/www.facebook.com\/ceskaskola.luzern\/","article_modified_time":"2025-01-19T10:10:40+00:00","og_image":[{"width":800,"height":600,"url":"https:\/\/www.ceskaskolaluzern.ch\/wp-content\/uploads\/2024\/01\/Merch_WEB_800x600.png","type":"image\/png"}],"twitter_card":"summary_large_image","twitter_misc":{"Gesch\u00e4tzte Lesezeit":"1\u00a0Minute"},"schema":{"@context":"https:\/\/schema.org","@graph":[{"@type":"WebPage","@id":"https:\/\/www.ceskaskolaluzern.ch\/de\/schul-merch\/","url":"https:\/\/www.ceskaskolaluzern.ch\/de\/schul-merch\/","name":"Schulkollektion | \u010cesk\u00e1 \u0161kola Luzern","isPartOf":{"@id":"https:\/\/www.ceskaskolaluzern.ch\/#website"},"primaryImageOfPage":{"@id":"https:\/\/www.ceskaskolaluzern.ch\/de\/schul-merch\/#primaryimage"},"image":{"@id":"https:\/\/www.ceskaskolaluzern.ch\/de\/schul-merch\/#primaryimage"},"thumbnailUrl":"https:\/\/www.ceskaskolaluzern.ch\/wp-content\/uploads\/2024\/01\/Merch_WEB_800x600.png","datePublished":"2024-01-04T20:58:13+00:00","dateModified":"2025-01-19T10:10:40+00:00","description":"Entdeckt Ihr die Teamkollektion der \u010cesk\u00e1 \u0161kola Luzern! Stylische T-Shirts, Hoodies und Rucks\u00e4cke f\u00fcr alle \u2013 zeigt Euren Teamgeist!","breadcrumb":{"@id":"https:\/\/www.ceskaskolaluzern.ch\/de\/schul-merch\/#breadcrumb"},"inLanguage":"de","potentialAction":[{"@type":"ReadAction","target":["https:\/\/www.ceskaskolaluzern.ch\/de\/schul-merch\/"]}]},{"@type":"ImageObject","inLanguage":"de","@id":"https:\/\/www.ceskaskolaluzern.ch\/de\/schul-merch\/#primaryimage","url":"https:\/\/www.ceskaskolaluzern.ch\/wp-content\/uploads\/2024\/01\/Merch_WEB_800x600.png","contentUrl":"https:\/\/www.ceskaskolaluzern.ch\/wp-content\/uploads\/2024\/01\/Merch_WEB_800x600.png","width":800,"height":600},{"@type":"BreadcrumbList","@id":"https:\/\/www.ceskaskolaluzern.ch\/de\/schul-merch\/#breadcrumb","itemListElement":[{"@type":"ListItem","position":1,"name":"\u00davod","item":"https:\/\/www.ceskaskolaluzern.ch\/de\/"},{"@type":"ListItem","position":2,"name":"Schulkollektion"}]},{"@type":"WebSite","@id":"https:\/\/www.ceskaskolaluzern.ch\/#website","url":"https:\/\/www.ceskaskolaluzern.ch\/","name":"\u010cesk\u00e1 \u0161kola Luzern","description":"","publisher":{"@id":"https:\/\/www.ceskaskolaluzern.ch\/#organization"},"potentialAction":[{"@type":"SearchAction","target":{"@type":"EntryPoint","urlTemplate":"https:\/\/www.ceskaskolaluzern.ch\/?s={search_term_string}"},"query-input":{"@type":"PropertyValueSpecification","valueRequired":true,"valueName":"search_term_string"}}],"inLanguage":"de"},{"@type":"Organization","@id":"https:\/\/www.ceskaskolaluzern.ch\/#organization","name":"\u010cesk\u00e1 \u0161kola Luzern","url":"https:\/\/www.ceskaskolaluzern.ch\/","logo":{"@type":"ImageObject","inLanguage":"de","@id":"https:\/\/www.ceskaskolaluzern.ch\/#\/schema\/logo\/image\/","url":"https:\/\/www.ceskaskolaluzern.ch\/wp-content\/uploads\/2022\/06\/Ceska_skola_Logo_2022_.png","contentUrl":"https:\/\/www.ceskaskolaluzern.ch\/wp-content\/uploads\/2022\/06\/Ceska_skola_Logo_2022_.png","width":2138,"height":808,"caption":"\u010cesk\u00e1 \u0161kola Luzern"},"image":{"@id":"https:\/\/www.ceskaskolaluzern.ch\/#\/schema\/logo\/image\/"},"sameAs":["https:\/\/www.facebook.com\/ceskaskola.luzern\/","https:\/\/www.linkedin.com\/company\/ceska-skola-luzern\/","https:\/\/www.instagram.com\/ceskaskola.luzern\/"]}]}},"_links":{"self":[{"href":"https:\/\/www.ceskaskolaluzern.ch\/de\/wp-json\/wp\/v2\/pages\/3624","targetHints":{"allow":["GET"]}}],"collection":[{"href":"https:\/\/www.ceskaskolaluzern.ch\/de\/wp-json\/wp\/v2\/pages"}],"about":[{"href":"https:\/\/www.ceskaskolaluzern.ch\/de\/wp-json\/wp\/v2\/types\/page"}],"author":[{"embeddable":true,"href":"https:\/\/www.ceskaskolaluzern.ch\/de\/wp-json\/wp\/v2\/users\/2"}],"replies":[{"embeddable":true,"href":"https:\/\/www.ceskaskolaluzern.ch\/de\/wp-json\/wp\/v2\/comments?post=3624"}],"version-history":[{"count":10,"href":"https:\/\/www.ceskaskolaluzern.ch\/de\/wp-json\/wp\/v2\/pages\/3624\/revisions"}],"predecessor-version":[{"id":3648,"href":"https:\/\/www.ceskaskolaluzern.ch\/de\/wp-json\/wp\/v2\/pages\/3624\/revisions\/3648"}],"wp:featuredmedia":[{"embeddable":true,"href":"https:\/\/www.ceskaskolaluzern.ch\/de\/wp-json\/wp\/v2\/media\/2472"}],"wp:attachment":[{"href":"https:\/\/www.ceskaskolaluzern.ch\/de\/wp-json\/wp\/v2\/media?parent=3624"}],"curies":[{"name":"wp","href":"https:\/\/api.w.org\/{rel}","templated":true}]}}