{"id":1429,"date":"2022-06-27T15:24:09","date_gmt":"2022-06-27T13:24:09","guid":{"rendered":"https:\/\/www.ceskaskolaluzern.ch\/unterricht\/cenik\/"},"modified":"2025-01-15T17:09:27","modified_gmt":"2025-01-15T16:09:27","slug":"preise-fuer-tschechischunterricht","status":"publish","type":"page","link":"https:\/\/www.ceskaskolaluzern.ch\/de\/unterricht\/preise-fuer-tschechischunterricht\/","title":{"rendered":"Preise"},"content":{"rendered":"<div class=\"table-responsive\"><table style=\"height: 356px; width: 87.6311%; border-collapse: collapse;\">\n<thead>\n<tr style=\"height: 24px;\">\n<th style=\"width: 24.0523%; height: 24px; text-align: center;\"><strong>Dauer der Lektion<\/strong><\/th>\n<td style=\"width: 25.1209%; height: 24px; text-align: center;\" width=\"338\"><strong>Inhalt der Lektion<\/strong><\/td>\n<\/tr>\n<\/thead>\n<tbody>\n<tr style=\"height: 192px;\">\n<td style=\"width: 24.0523%; height: 192px;\" width=\"189\">60, 75 oder 90 Minuten je nach <a href=\"https:\/\/www.ceskaskolaluzern.ch\/de\/unterricht\/stundenplan\/\">Stundenplan der Schule<\/a><\/td>\n<td style=\"width: 25.1209%; height: 192px;\">Pr\u00e4senzunterricht der Tschechischen Sprache, unterrichtet von einem Muttersprachler mit notwendigen didaktischen Kompetenzen, Unterrichtserfahrung und passenden Lehrmitteln.<\/td>\n<\/tr>\n<\/tbody>\n<\/table><\/div>\n<p><strong>Preis pro&nbsp;Semester:\u00a0 CHF 360 f\u00fcr 18 Lektionen<\/strong><\/p>\n<ul>\n<li style=\"text-align: justify;\">Ist vor Semesterbeginn zu bezahlen<\/li>\n<li style=\"text-align: justify;\">Bei sp\u00e4teren Anmeldungen wird der Preis dementsprechend reduziert<\/li>\n<li style=\"text-align: justify;\">Nach der \u00dcberweisung des Schulgeldes auf das <a href=\"https:\/\/www.ceskaskolaluzern.ch\/de\/kontakte\/\">Konto der \u010cesk\u00e1 \u0161kola Luzern<\/a> ist das Kind ein Sch\u00fcler der \u010cesk\u00e1 \u0161kola Luzern<\/li>\n<li>Wenn das Kind den Unterricht nicht antritt, wird die <a href=\"https:\/\/www.ceskaskolaluzern.ch\/de\/schnupperstunde\/\">Schnupperstunde<\/a> nicht berechnet<\/li>\n<\/ul>\n","protected":false},"excerpt":{"rendered":"<p>Dauer der Lektion Inhalt der Lektion 60, 75 oder 90 Minuten je nach Stundenplan der Schule Pr\u00e4senzunterricht der Tschechischen Sprache, unterrichtet von einem Muttersprachler mit notwendigen didaktischen Kompetenzen, Unterrichtserfahrung und passenden Lehrmitteln. Preis pro&nbsp;Semester:\u00a0 CHF 360 f\u00fcr 18 Lektionen Ist vor Semesterbeginn zu bezahlen Bei sp\u00e4teren Anmeldungen wird der Preis dementsprechend reduziert Nach der \u00dcberweisung&#8230;<\/p>\n","protected":false},"author":2,"featured_media":0,"parent":1353,"menu_order":0,"comment_status":"closed","ping_status":"closed","template":"pages\/page-blocks.php","meta":{"footnotes":""},"class_list":["post-1429","page","type-page","status-publish","hentry"],"yoast_head":"<!-- This site is optimized with the Yoast SEO plugin v25.6 - https:\/\/yoast.com\/wordpress\/plugins\/seo\/ -->\n<title>Preise f\u00fcr Tschechischunterricht | \u010cesk\u00e1 \u0161kola Luzern<\/title>\n<meta name=\"description\" content=\"Tschechischunterricht unter der Leitung eines Tschechischlehrers, einschliesslich der erforderlichen Lehrmittel und Lehrb\u00fccher oder Pr\u00fcfungsvorbereitung auf Tschechischpr\u00fcfungen in Tschechien.\" \/>\n<meta name=\"robots\" content=\"index, follow, max-snippet:-1, max-image-preview:large, max-video-preview:-1\" \/>\n<link rel=\"canonical\" href=\"https:\/\/www.ceskaskolaluzern.ch\/de\/unterricht\/preise-fuer-tschechischunterricht\/\" \/>\n<meta property=\"og:locale\" content=\"de_DE\" \/>\n<meta property=\"og:type\" content=\"article\" \/>\n<meta property=\"og:title\" content=\"Preise f\u00fcr Tschechischunterricht | \u010cesk\u00e1 \u0161kola Luzern\" \/>\n<meta property=\"og:description\" content=\"Tschechischunterricht unter der Leitung eines Tschechischlehrers, einschliesslich der erforderlichen Lehrmittel und Lehrb\u00fccher oder Pr\u00fcfungsvorbereitung auf Tschechischpr\u00fcfungen in Tschechien.\" \/>\n<meta property=\"og:url\" content=\"https:\/\/www.ceskaskolaluzern.ch\/de\/unterricht\/preise-fuer-tschechischunterricht\/\" \/>\n<meta property=\"og:site_name\" content=\"\u010cesk\u00e1 \u0161kola Luzern\" \/>\n<meta property=\"article:publisher\" content=\"https:\/\/www.facebook.com\/ceskaskola.luzern\/\" \/>\n<meta property=\"article:modified_time\" content=\"2025-01-15T16:09:27+00:00\" \/>\n<meta property=\"og:image\" content=\"https:\/\/www.ceskaskolaluzern.ch\/wp-content\/uploads\/2022\/06\/Luzern-skola_OG.jpg\" \/>\n\t<meta property=\"og:image:width\" content=\"1200\" \/>\n\t<meta property=\"og:image:height\" content=\"630\" \/>\n\t<meta property=\"og:image:type\" content=\"image\/jpeg\" \/>\n<meta name=\"twitter:card\" content=\"summary_large_image\" \/>\n<meta name=\"twitter:label1\" content=\"Gesch\u00e4tzte Lesezeit\" \/>\n\t<meta name=\"twitter:data1\" content=\"1\u00a0Minute\" \/>\n<!-- \/ Yoast SEO plugin. -->","yoast_head_json":{"title":"Preise f\u00fcr Tschechischunterricht | \u010cesk\u00e1 \u0161kola Luzern","description":"Tschechischunterricht unter der Leitung eines Tschechischlehrers, einschliesslich der erforderlichen Lehrmittel und Lehrb\u00fccher oder Pr\u00fcfungsvorbereitung auf Tschechischpr\u00fcfungen in Tschechien.","robots":{"index":"index","follow":"follow","max-snippet":"max-snippet:-1","max-image-preview":"max-image-preview:large","max-video-preview":"max-video-preview:-1"},"canonical":"https:\/\/www.ceskaskolaluzern.ch\/de\/unterricht\/preise-fuer-tschechischunterricht\/","og_locale":"de_DE","og_type":"article","og_title":"Preise f\u00fcr Tschechischunterricht | \u010cesk\u00e1 \u0161kola Luzern","og_description":"Tschechischunterricht unter der Leitung eines Tschechischlehrers, einschliesslich der erforderlichen Lehrmittel und Lehrb\u00fccher oder Pr\u00fcfungsvorbereitung auf Tschechischpr\u00fcfungen in Tschechien.","og_url":"https:\/\/www.ceskaskolaluzern.ch\/de\/unterricht\/preise-fuer-tschechischunterricht\/","og_site_name":"\u010cesk\u00e1 \u0161kola Luzern","article_publisher":"https:\/\/www.facebook.com\/ceskaskola.luzern\/","article_modified_time":"2025-01-15T16:09:27+00:00","og_image":[{"width":1200,"height":630,"url":"https:\/\/www.ceskaskolaluzern.ch\/wp-content\/uploads\/2022\/06\/Luzern-skola_OG.jpg","type":"image\/jpeg"}],"twitter_card":"summary_large_image","twitter_misc":{"Gesch\u00e4tzte Lesezeit":"1\u00a0Minute"},"schema":{"@context":"https:\/\/schema.org","@graph":[{"@type":"WebPage","@id":"https:\/\/www.ceskaskolaluzern.ch\/de\/unterricht\/preise-fuer-tschechischunterricht\/","url":"https:\/\/www.ceskaskolaluzern.ch\/de\/unterricht\/preise-fuer-tschechischunterricht\/","name":"Preise f\u00fcr Tschechischunterricht | \u010cesk\u00e1 \u0161kola Luzern","isPartOf":{"@id":"https:\/\/www.ceskaskolaluzern.ch\/#website"},"datePublished":"2022-06-27T13:24:09+00:00","dateModified":"2025-01-15T16:09:27+00:00","description":"Tschechischunterricht unter der Leitung eines Tschechischlehrers, einschliesslich der erforderlichen Lehrmittel und Lehrb\u00fccher oder Pr\u00fcfungsvorbereitung auf Tschechischpr\u00fcfungen in Tschechien.","breadcrumb":{"@id":"https:\/\/www.ceskaskolaluzern.ch\/de\/unterricht\/preise-fuer-tschechischunterricht\/#breadcrumb"},"inLanguage":"de","potentialAction":[{"@type":"ReadAction","target":["https:\/\/www.ceskaskolaluzern.ch\/de\/unterricht\/preise-fuer-tschechischunterricht\/"]}]},{"@type":"BreadcrumbList","@id":"https:\/\/www.ceskaskolaluzern.ch\/de\/unterricht\/preise-fuer-tschechischunterricht\/#breadcrumb","itemListElement":[{"@type":"ListItem","position":1,"name":"\u00davod","item":"https:\/\/www.ceskaskolaluzern.ch\/de\/"},{"@type":"ListItem","position":2,"name":"Unterricht","item":"https:\/\/www.ceskaskolaluzern.ch\/de\/unterricht\/"},{"@type":"ListItem","position":3,"name":"Preise"}]},{"@type":"WebSite","@id":"https:\/\/www.ceskaskolaluzern.ch\/#website","url":"https:\/\/www.ceskaskolaluzern.ch\/","name":"\u010cesk\u00e1 \u0161kola Luzern","description":"","publisher":{"@id":"https:\/\/www.ceskaskolaluzern.ch\/#organization"},"potentialAction":[{"@type":"SearchAction","target":{"@type":"EntryPoint","urlTemplate":"https:\/\/www.ceskaskolaluzern.ch\/?s={search_term_string}"},"query-input":{"@type":"PropertyValueSpecification","valueRequired":true,"valueName":"search_term_string"}}],"inLanguage":"de"},{"@type":"Organization","@id":"https:\/\/www.ceskaskolaluzern.ch\/#organization","name":"\u010cesk\u00e1 \u0161kola Luzern","url":"https:\/\/www.ceskaskolaluzern.ch\/","logo":{"@type":"ImageObject","inLanguage":"de","@id":"https:\/\/www.ceskaskolaluzern.ch\/#\/schema\/logo\/image\/","url":"https:\/\/www.ceskaskolaluzern.ch\/wp-content\/uploads\/2022\/06\/Ceska_skola_Logo_2022_.png","contentUrl":"https:\/\/www.ceskaskolaluzern.ch\/wp-content\/uploads\/2022\/06\/Ceska_skola_Logo_2022_.png","width":2138,"height":808,"caption":"\u010cesk\u00e1 \u0161kola Luzern"},"image":{"@id":"https:\/\/www.ceskaskolaluzern.ch\/#\/schema\/logo\/image\/"},"sameAs":["https:\/\/www.facebook.com\/ceskaskola.luzern\/","https:\/\/www.linkedin.com\/company\/ceska-skola-luzern\/","https:\/\/www.instagram.com\/ceskaskola.luzern\/"]}]}},"_links":{"self":[{"href":"https:\/\/www.ceskaskolaluzern.ch\/de\/wp-json\/wp\/v2\/pages\/1429","targetHints":{"allow":["GET"]}}],"collection":[{"href":"https:\/\/www.ceskaskolaluzern.ch\/de\/wp-json\/wp\/v2\/pages"}],"about":[{"href":"https:\/\/www.ceskaskolaluzern.ch\/de\/wp-json\/wp\/v2\/types\/page"}],"author":[{"embeddable":true,"href":"https:\/\/www.ceskaskolaluzern.ch\/de\/wp-json\/wp\/v2\/users\/2"}],"replies":[{"embeddable":true,"href":"https:\/\/www.ceskaskolaluzern.ch\/de\/wp-json\/wp\/v2\/comments?post=1429"}],"version-history":[{"count":7,"href":"https:\/\/www.ceskaskolaluzern.ch\/de\/wp-json\/wp\/v2\/pages\/1429\/revisions"}],"predecessor-version":[{"id":3552,"href":"https:\/\/www.ceskaskolaluzern.ch\/de\/wp-json\/wp\/v2\/pages\/1429\/revisions\/3552"}],"up":[{"embeddable":true,"href":"https:\/\/www.ceskaskolaluzern.ch\/de\/wp-json\/wp\/v2\/pages\/1353"}],"wp:attachment":[{"href":"https:\/\/www.ceskaskolaluzern.ch\/de\/wp-json\/wp\/v2\/media?parent=1429"}],"curies":[{"name":"wp","href":"https:\/\/api.w.org\/{rel}","templated":true}]}}